{"id":2,"date":"2025-11-07T05:37:57","date_gmt":"2025-11-07T04:37:57","guid":{"rendered":"https:\/\/veronique.tirard.net\/?page_id=2"},"modified":"2025-12-03T11:20:23","modified_gmt":"2025-12-03T10:20:23","slug":"page-d-exemple","status":"publish","type":"page","link":"https:\/\/veronique.tirard.net\/?page_id=2","title":{"rendered":"\u00e0 propos"},"content":{"rendered":"\n<p>Dipl\u00f4m\u00e9e de l&rsquo;ESAG Met de Penninghen, j\u2019ai pris part \u00e0 de nombreux projets d\u2019identit\u00e9 de marque et de packaging au sein de l\u2019agence Brandimage en tant que directrice artistique s\u00e9nior pendant 17 ans. Freelance depuis 2012, j\u2019accompagne des agences comme Desdoigts &amp; Associ\u00e9s, Babel, Brandimage, Terre de Sienne, W Conran Design, ainsi que des clients personnels dans les domaines tr\u00e8s diversifi\u00e9s du corporate au s\u00e9lectif.<\/p>\n\n\n\n<p class=\"has-medium-font-size\"><strong>veronique@tirard.net<\/strong><\/p>\n\n\n\n<p class=\"has-medium-font-size\"><strong>+33 6 11 25 52 40<\/strong><\/p>\n\n\n\n<p><\/p>\n","protected":false},"excerpt":{"rendered":"<p>Dipl\u00f4m\u00e9e de l&rsquo;ESAG Met de Penninghen, j\u2019ai pris part \u00e0 de nombreux projets d\u2019identit\u00e9 de marque et de packaging au sein de l\u2019agence Brandimage en tant que directrice artistique s\u00e9nior pendant 17 ans. Freelance depuis 2012, j\u2019accompagne des agences comme Desdoigts &amp; Associ\u00e9s, Babel, Brandimage, Terre de Sienne, W Conran Design, ainsi que des clients [&hellip;]<\/p>\n","protected":false},"author":1,"featured_media":0,"parent":0,"menu_order":0,"comment_status":"closed","ping_status":"open","template":"","meta":{"footnotes":""},"class_list":["post-2","page","type-page","status-publish","hentry"],"blocksy_meta":[],"_links":{"self":[{"href":"https:\/\/veronique.tirard.net\/index.php?rest_route=\/wp\/v2\/pages\/2","targetHints":{"allow":["GET"]}}],"collection":[{"href":"https:\/\/veronique.tirard.net\/index.php?rest_route=\/wp\/v2\/pages"}],"about":[{"href":"https:\/\/veronique.tirard.net\/index.php?rest_route=\/wp\/v2\/types\/page"}],"author":[{"embeddable":true,"href":"https:\/\/veronique.tirard.net\/index.php?rest_route=\/wp\/v2\/users\/1"}],"replies":[{"embeddable":true,"href":"https:\/\/veronique.tirard.net\/index.php?rest_route=%2Fwp%2Fv2%2Fcomments&post=2"}],"version-history":[{"count":3,"href":"https:\/\/veronique.tirard.net\/index.php?rest_route=\/wp\/v2\/pages\/2\/revisions"}],"predecessor-version":[{"id":259,"href":"https:\/\/veronique.tirard.net\/index.php?rest_route=\/wp\/v2\/pages\/2\/revisions\/259"}],"wp:attachment":[{"href":"https:\/\/veronique.tirard.net\/index.php?rest_route=%2Fwp%2Fv2%2Fmedia&parent=2"}],"curies":[{"name":"wp","href":"https:\/\/api.w.org\/{rel}","templated":true}]}}